

{"id":1705,"date":"2025-05-21T10:10:36","date_gmt":"2025-05-21T08:10:36","guid":{"rendered":"https:\/\/cindyfashion-coiffure-afro.fr\/formation-coiffure-afro\/?page_id=1705"},"modified":"2025-05-21T10:34:49","modified_gmt":"2025-05-21T08:34:49","slug":"blog-afro-pro-metier-et-fierte","status":"publish","type":"page","link":"https:\/\/cindyfashion-coiffure-afro.fr\/formation-coiffure-afro\/blog-afro-pro-metier-et-fierte\/","title":{"rendered":"Blog Afro Pro, M\u00e9tier et Fiert\u00e9"},"content":{"rendered":"\t\t<div data-elementor-type=\"wp-post\" data-elementor-id=\"1705\" class=\"elementor elementor-1705\" data-elementor-post-type=\"page\">\n\t\t\t\t<div class=\"elementor-element elementor-element-ecf5caa e-flex e-con-boxed e-con e-parent\" data-id=\"ecf5caa\" data-element_type=\"container\" data-e-type=\"container\">\n\t\t\t\t\t<div class=\"e-con-inner\">\n\t\t\t\t<div class=\"elementor-element elementor-element-c5c109d elementor-widget elementor-widget-heading\" data-id=\"c5c109d\" data-element_type=\"widget\" data-e-type=\"widget\" data-widget_type=\"heading.default\">\n\t\t\t\t<div class=\"elementor-widget-container\">\n\t\t\t\t\t<h2 class=\"elementor-heading-title elementor-size-default\">Blog Afro Pro, M\u00e9tier et Fiert\u00e9<\/h2>\t\t\t\t<\/div>\n\t\t\t\t<\/div>\n\t\t\t\t<div class=\"elementor-element elementor-element-50cc707 elementor-grid-3 elementor-grid-tablet-2 elementor-grid-mobile-1 elementor-widget elementor-widget-loop-grid\" data-id=\"50cc707\" data-element_type=\"widget\" data-e-type=\"widget\" data-settings=\"{&quot;template_id&quot;:1710,&quot;_skin&quot;:&quot;post&quot;,&quot;columns&quot;:&quot;3&quot;,&quot;columns_tablet&quot;:&quot;2&quot;,&quot;columns_mobile&quot;:&quot;1&quot;,&quot;edit_handle_selector&quot;:&quot;[data-elementor-type=\\&quot;loop-item\\&quot;]&quot;,&quot;row_gap&quot;:{&quot;unit&quot;:&quot;px&quot;,&quot;size&quot;:&quot;&quot;,&quot;sizes&quot;:[]},&quot;row_gap_tablet&quot;:{&quot;unit&quot;:&quot;px&quot;,&quot;size&quot;:&quot;&quot;,&quot;sizes&quot;:[]},&quot;row_gap_mobile&quot;:{&quot;unit&quot;:&quot;px&quot;,&quot;size&quot;:&quot;&quot;,&quot;sizes&quot;:[]}}\" data-widget_type=\"loop-grid.post\">\n\t\t\t\t<div class=\"elementor-widget-container\">\n\t\t\t\t\t\t\t<div class=\"elementor-loop-container elementor-grid\" role=\"list\">\n\t\t<style id=\"loop-1710\">.elementor-1710 .elementor-element.elementor-element-20ea2f3{--display:flex;--justify-content:space-around;--align-items:flex-end;--container-widget-width:calc( ( 1 - var( --container-widget-flex-grow ) ) * 100% );border-style:solid;--border-style:solid;border-width:1px 1px 1px 1px;--border-top-width:1px;--border-right-width:1px;--border-bottom-width:1px;--border-left-width:1px;border-color:var( --e-global-color-text );--border-color:var( --e-global-color-text );--border-radius:5px 5px 5px 5px;}.elementor-1710 .elementor-element.elementor-element-20ea2f3:hover{box-shadow:0px 0px 10px 0px rgba(0,0,0,0.5);}.elementor-widget-theme-post-featured-image .widget-image-caption{color:var( --e-global-color-text );font-family:var( --e-global-typography-text-font-family ), Sans-serif;font-weight:var( --e-global-typography-text-font-weight );}.elementor-1710 .elementor-element.elementor-element-67ad310 img{width:100%;height:250px;object-fit:cover;object-position:center center;border-radius:5px 5px 5px 5px;}.elementor-widget-theme-post-title .elementor-heading-title{font-family:var( --e-global-typography-primary-font-family ), Sans-serif;font-weight:var( --e-global-typography-primary-font-weight );color:var( --e-global-color-primary );}.elementor-1710 .elementor-element.elementor-element-f9d40e5 .elementor-heading-title{font-family:\"Roboto\", Sans-serif;font-size:16px;font-weight:600;}.elementor-widget-button .elementor-button{font-family:var( --e-global-typography-accent-font-family ), Sans-serif;font-weight:var( --e-global-typography-accent-font-weight );background-color:var( --e-global-color-accent );}.elementor-1710 .elementor-element.elementor-element-8cfa202 .elementor-button-content-wrapper{flex-direction:row-reverse;}.elementor-1710 .elementor-element.elementor-element-8cfa202 .elementor-button .elementor-button-content-wrapper{gap:11px;}.elementor-1710 .elementor-element.elementor-element-8cfa202 .elementor-button{background-color:var( --e-global-color-secondary );}@media(min-width:768px){.elementor-1710 .elementor-element.elementor-element-20ea2f3{--content-width:350px;}}<\/style>\t\t<div data-elementor-type=\"loop-item\" data-elementor-id=\"1710\" class=\"elementor elementor-1710 e-loop-item e-loop-item-1698 post-1698 post type-post status-publish format-standard has-post-thumbnail hentry category-non-classe\" data-elementor-post-type=\"elementor_library\" data-custom-edit-handle=\"1\">\n\t\t\t<div class=\"elementor-element elementor-element-20ea2f3 e-flex e-con-boxed e-con e-parent\" data-id=\"20ea2f3\" data-element_type=\"container\" data-e-type=\"container\">\n\t\t\t\t\t<div class=\"e-con-inner\">\n\t\t\t\t<div class=\"elementor-element elementor-element-67ad310 elementor-widget elementor-widget-theme-post-featured-image elementor-widget-image\" data-id=\"67ad310\" data-element_type=\"widget\" data-e-type=\"widget\" data-widget_type=\"theme-post-featured-image.default\">\n\t\t\t\t<div class=\"elementor-widget-container\">\n\t\t\t\t\t\t\t\t\t\t\t\t\t\t\t<img fetchpriority=\"high\" decoding=\"async\" width=\"800\" height=\"534\" src=\"https:\/\/cindyfashion-coiffure-afro.fr\/formation-coiffure-afro\/wp-content\/uploads\/2025\/05\/faire-apel-a-un-coach-chatGPT-GYT-1536x1024-1-1024x683.jpg\" class=\"attachment-large size-large wp-image-1702\" alt=\"Afro hair, 2 women talking about a hair product\" srcset=\"https:\/\/cindyfashion-coiffure-afro.fr\/formation-coiffure-afro\/wp-content\/uploads\/2025\/05\/faire-apel-a-un-coach-chatGPT-GYT-1536x1024-1-1024x683.jpg 1024w, https:\/\/cindyfashion-coiffure-afro.fr\/formation-coiffure-afro\/wp-content\/uploads\/2025\/05\/faire-apel-a-un-coach-chatGPT-GYT-1536x1024-1-300x200.jpg 300w, https:\/\/cindyfashion-coiffure-afro.fr\/formation-coiffure-afro\/wp-content\/uploads\/2025\/05\/faire-apel-a-un-coach-chatGPT-GYT-1536x1024-1-768x512.jpg 768w, https:\/\/cindyfashion-coiffure-afro.fr\/formation-coiffure-afro\/wp-content\/uploads\/2025\/05\/faire-apel-a-un-coach-chatGPT-GYT-1536x1024-1.jpg 1536w\" sizes=\"(max-width: 800px) 100vw, 800px\" \/>\t\t\t\t\t\t\t\t\t\t\t\t\t\t\t<\/div>\n\t\t\t\t<\/div>\n\t\t\t\t<div class=\"elementor-element elementor-element-f9d40e5 elementor-widget elementor-widget-theme-post-title elementor-page-title elementor-widget-heading\" data-id=\"f9d40e5\" data-element_type=\"widget\" data-e-type=\"widget\" data-widget_type=\"theme-post-title.default\">\n\t\t\t\t<div class=\"elementor-widget-container\">\n\t\t\t\t\t<h1 class=\"elementor-heading-title elementor-size-default\">5 raisons d\u00e9cisives de confier vos cheveux \u00e0 un coach capillaire<\/h1>\t\t\t\t<\/div>\n\t\t\t\t<\/div>\n\t\t\t\t<div class=\"elementor-element elementor-element-8cfa202 elementor-align-right elementor-widget elementor-widget-button\" data-id=\"8cfa202\" data-element_type=\"widget\" data-e-type=\"widget\" data-widget_type=\"button.default\">\n\t\t\t\t<div class=\"elementor-widget-container\">\n\t\t\t\t\t\t\t\t\t<div class=\"elementor-button-wrapper\">\n\t\t\t\t\t<a class=\"elementor-button elementor-button-link elementor-size-sm\" href=\"https:\/\/cindyfashion-coiffure-afro.fr\/formation-coiffure-afro\/2025\/05\/21\/5-raisons-decisives-de-confier-vos-cheveux-a-un-coach-capillaire\/\">\n\t\t\t\t\t\t<span class=\"elementor-button-content-wrapper\">\n\t\t\t\t\t\t<span class=\"elementor-button-icon\">\n\t\t\t\t<svg aria-hidden=\"true\" class=\"e-font-icon-svg e-fas-chevron-circle-right\" viewBox=\"0 0 512 512\" xmlns=\"http:\/\/www.w3.org\/2000\/svg\"><path d=\"M256 8c137 0 248 111 248 248S393 504 256 504 8 393 8 256 119 8 256 8zm113.9 231L234.4 103.5c-9.4-9.4-24.6-9.4-33.9 0l-17 17c-9.4 9.4-9.4 24.6 0 33.9L285.1 256 183.5 357.6c-9.4 9.4-9.4 24.6 0 33.9l17 17c9.4 9.4 24.6 9.4 33.9 0L369.9 273c9.4-9.4 9.4-24.6 0-34z\"><\/path><\/svg>\t\t\t<\/span>\n\t\t\t\t\t\t\t\t\t<span class=\"elementor-button-text\">Lire l'article<\/span>\n\t\t\t\t\t<\/span>\n\t\t\t\t\t<\/a>\n\t\t\t\t<\/div>\n\t\t\t\t\t\t\t\t<\/div>\n\t\t\t\t<\/div>\n\t\t\t\t\t<\/div>\n\t\t\t\t<\/div>\n\t\t\t\t<\/div>\n\t\t\t\t<div data-elementor-type=\"loop-item\" data-elementor-id=\"1710\" class=\"elementor elementor-1710 e-loop-item e-loop-item-1694 post-1694 post type-post status-publish format-standard has-post-thumbnail hentry category-non-classe\" data-elementor-post-type=\"elementor_library\" data-custom-edit-handle=\"1\">\n\t\t\t<div class=\"elementor-element elementor-element-20ea2f3 e-flex e-con-boxed e-con e-parent\" data-id=\"20ea2f3\" data-element_type=\"container\" data-e-type=\"container\">\n\t\t\t\t\t<div class=\"e-con-inner\">\n\t\t\t\t<div class=\"elementor-element elementor-element-67ad310 elementor-widget elementor-widget-theme-post-featured-image elementor-widget-image\" data-id=\"67ad310\" data-element_type=\"widget\" data-e-type=\"widget\" data-widget_type=\"theme-post-featured-image.default\">\n\t\t\t\t<div class=\"elementor-widget-container\">\n\t\t\t\t\t\t\t\t\t\t\t\t\t\t\t<img decoding=\"async\" width=\"800\" height=\"534\" src=\"https:\/\/cindyfashion-coiffure-afro.fr\/formation-coiffure-afro\/wp-content\/uploads\/2025\/05\/Salon-a-succes-chatGPT-GYTf3b78390-c32b-439f-8e8e-841580cab447-1024x683.png\" class=\"attachment-large size-large wp-image-1696\" alt=\"Salon de coiffure afro \u00e0 succ\u00e8s\" srcset=\"https:\/\/cindyfashion-coiffure-afro.fr\/formation-coiffure-afro\/wp-content\/uploads\/2025\/05\/Salon-a-succes-chatGPT-GYTf3b78390-c32b-439f-8e8e-841580cab447-1024x683.png 1024w, https:\/\/cindyfashion-coiffure-afro.fr\/formation-coiffure-afro\/wp-content\/uploads\/2025\/05\/Salon-a-succes-chatGPT-GYTf3b78390-c32b-439f-8e8e-841580cab447-300x200.png 300w, https:\/\/cindyfashion-coiffure-afro.fr\/formation-coiffure-afro\/wp-content\/uploads\/2025\/05\/Salon-a-succes-chatGPT-GYTf3b78390-c32b-439f-8e8e-841580cab447-768x512.png 768w, https:\/\/cindyfashion-coiffure-afro.fr\/formation-coiffure-afro\/wp-content\/uploads\/2025\/05\/Salon-a-succes-chatGPT-GYTf3b78390-c32b-439f-8e8e-841580cab447.png 1536w\" sizes=\"(max-width: 800px) 100vw, 800px\" \/>\t\t\t\t\t\t\t\t\t\t\t\t\t\t\t<\/div>\n\t\t\t\t<\/div>\n\t\t\t\t<div class=\"elementor-element elementor-element-f9d40e5 elementor-widget elementor-widget-theme-post-title elementor-page-title elementor-widget-heading\" data-id=\"f9d40e5\" data-element_type=\"widget\" data-e-type=\"widget\" data-widget_type=\"theme-post-title.default\">\n\t\t\t\t<div class=\"elementor-widget-container\">\n\t\t\t\t\t<h1 class=\"elementor-heading-title elementor-size-default\">Z\u00e9ro publicit\u00e9, succ\u00e8s maximum : les secrets d&#8217;un salon afro rentable<\/h1>\t\t\t\t<\/div>\n\t\t\t\t<\/div>\n\t\t\t\t<div class=\"elementor-element elementor-element-8cfa202 elementor-align-right elementor-widget elementor-widget-button\" data-id=\"8cfa202\" data-element_type=\"widget\" data-e-type=\"widget\" data-widget_type=\"button.default\">\n\t\t\t\t<div class=\"elementor-widget-container\">\n\t\t\t\t\t\t\t\t\t<div class=\"elementor-button-wrapper\">\n\t\t\t\t\t<a class=\"elementor-button elementor-button-link elementor-size-sm\" href=\"https:\/\/cindyfashion-coiffure-afro.fr\/formation-coiffure-afro\/2025\/05\/21\/zero-publicite-succes-maximum-les-secrets-dun-salon-afro-rentable\/\">\n\t\t\t\t\t\t<span class=\"elementor-button-content-wrapper\">\n\t\t\t\t\t\t<span class=\"elementor-button-icon\">\n\t\t\t\t<svg aria-hidden=\"true\" class=\"e-font-icon-svg e-fas-chevron-circle-right\" viewBox=\"0 0 512 512\" xmlns=\"http:\/\/www.w3.org\/2000\/svg\"><path d=\"M256 8c137 0 248 111 248 248S393 504 256 504 8 393 8 256 119 8 256 8zm113.9 231L234.4 103.5c-9.4-9.4-24.6-9.4-33.9 0l-17 17c-9.4 9.4-9.4 24.6 0 33.9L285.1 256 183.5 357.6c-9.4 9.4-9.4 24.6 0 33.9l17 17c9.4 9.4 24.6 9.4 33.9 0L369.9 273c9.4-9.4 9.4-24.6 0-34z\"><\/path><\/svg>\t\t\t<\/span>\n\t\t\t\t\t\t\t\t\t<span class=\"elementor-button-text\">Lire l'article<\/span>\n\t\t\t\t\t<\/span>\n\t\t\t\t\t<\/a>\n\t\t\t\t<\/div>\n\t\t\t\t\t\t\t\t<\/div>\n\t\t\t\t<\/div>\n\t\t\t\t\t<\/div>\n\t\t\t\t<\/div>\n\t\t\t\t<\/div>\n\t\t\t\t<div data-elementor-type=\"loop-item\" data-elementor-id=\"1710\" class=\"elementor elementor-1710 e-loop-item e-loop-item-1687 post-1687 post type-post status-publish format-standard has-post-thumbnail hentry category-non-classe\" data-elementor-post-type=\"elementor_library\" data-custom-edit-handle=\"1\">\n\t\t\t<div class=\"elementor-element elementor-element-20ea2f3 e-flex e-con-boxed e-con e-parent\" data-id=\"20ea2f3\" data-element_type=\"container\" data-e-type=\"container\">\n\t\t\t\t\t<div class=\"e-con-inner\">\n\t\t\t\t<div class=\"elementor-element elementor-element-67ad310 elementor-widget elementor-widget-theme-post-featured-image elementor-widget-image\" data-id=\"67ad310\" data-element_type=\"widget\" data-e-type=\"widget\" data-widget_type=\"theme-post-featured-image.default\">\n\t\t\t\t<div class=\"elementor-widget-container\">\n\t\t\t\t\t\t\t\t\t\t\t\t\t\t\t<img decoding=\"async\" width=\"734\" height=\"439\" src=\"https:\/\/cindyfashion-coiffure-afro.fr\/formation-coiffure-afro\/wp-content\/uploads\/2025\/05\/coiffures-rentables-chatgpt-GYT-734x439-1.jpg\" class=\"attachment-large size-large wp-image-1692\" alt=\"\" srcset=\"https:\/\/cindyfashion-coiffure-afro.fr\/formation-coiffure-afro\/wp-content\/uploads\/2025\/05\/coiffures-rentables-chatgpt-GYT-734x439-1.jpg 734w, https:\/\/cindyfashion-coiffure-afro.fr\/formation-coiffure-afro\/wp-content\/uploads\/2025\/05\/coiffures-rentables-chatgpt-GYT-734x439-1-300x179.jpg 300w\" sizes=\"(max-width: 734px) 100vw, 734px\" \/>\t\t\t\t\t\t\t\t\t\t\t\t\t\t\t<\/div>\n\t\t\t\t<\/div>\n\t\t\t\t<div class=\"elementor-element elementor-element-f9d40e5 elementor-widget elementor-widget-theme-post-title elementor-page-title elementor-widget-heading\" data-id=\"f9d40e5\" data-element_type=\"widget\" data-e-type=\"widget\" data-widget_type=\"theme-post-title.default\">\n\t\t\t\t<div class=\"elementor-widget-container\">\n\t\t\t\t\t<h1 class=\"elementor-heading-title elementor-size-default\">Quelles coiffures afro rapportent le plus ? Voici les styles les plus demand\u00e9s<\/h1>\t\t\t\t<\/div>\n\t\t\t\t<\/div>\n\t\t\t\t<div class=\"elementor-element elementor-element-8cfa202 elementor-align-right elementor-widget elementor-widget-button\" data-id=\"8cfa202\" data-element_type=\"widget\" data-e-type=\"widget\" data-widget_type=\"button.default\">\n\t\t\t\t<div class=\"elementor-widget-container\">\n\t\t\t\t\t\t\t\t\t<div class=\"elementor-button-wrapper\">\n\t\t\t\t\t<a class=\"elementor-button elementor-button-link elementor-size-sm\" href=\"https:\/\/cindyfashion-coiffure-afro.fr\/formation-coiffure-afro\/2025\/05\/21\/quelles-coiffures-afro-rapportent-le-plus-voici-les-styles-les-plus-demandes\/\">\n\t\t\t\t\t\t<span class=\"elementor-button-content-wrapper\">\n\t\t\t\t\t\t<span class=\"elementor-button-icon\">\n\t\t\t\t<svg aria-hidden=\"true\" class=\"e-font-icon-svg e-fas-chevron-circle-right\" viewBox=\"0 0 512 512\" xmlns=\"http:\/\/www.w3.org\/2000\/svg\"><path d=\"M256 8c137 0 248 111 248 248S393 504 256 504 8 393 8 256 119 8 256 8zm113.9 231L234.4 103.5c-9.4-9.4-24.6-9.4-33.9 0l-17 17c-9.4 9.4-9.4 24.6 0 33.9L285.1 256 183.5 357.6c-9.4 9.4-9.4 24.6 0 33.9l17 17c9.4 9.4 24.6 9.4 33.9 0L369.9 273c9.4-9.4 9.4-24.6 0-34z\"><\/path><\/svg>\t\t\t<\/span>\n\t\t\t\t\t\t\t\t\t<span class=\"elementor-button-text\">Lire l'article<\/span>\n\t\t\t\t\t<\/span>\n\t\t\t\t\t<\/a>\n\t\t\t\t<\/div>\n\t\t\t\t\t\t\t\t<\/div>\n\t\t\t\t<\/div>\n\t\t\t\t\t<\/div>\n\t\t\t\t<\/div>\n\t\t\t\t<\/div>\n\t\t\t\t<div data-elementor-type=\"loop-item\" data-elementor-id=\"1710\" class=\"elementor elementor-1710 e-loop-item e-loop-item-1682 post-1682 post type-post status-publish format-standard has-post-thumbnail hentry category-non-classe\" data-elementor-post-type=\"elementor_library\" data-custom-edit-handle=\"1\">\n\t\t\t<div class=\"elementor-element elementor-element-20ea2f3 e-flex e-con-boxed e-con e-parent\" data-id=\"20ea2f3\" data-element_type=\"container\" data-e-type=\"container\">\n\t\t\t\t\t<div class=\"e-con-inner\">\n\t\t\t\t<div class=\"elementor-element elementor-element-67ad310 elementor-widget elementor-widget-theme-post-featured-image elementor-widget-image\" data-id=\"67ad310\" data-element_type=\"widget\" data-e-type=\"widget\" data-widget_type=\"theme-post-featured-image.default\">\n\t\t\t\t<div class=\"elementor-widget-container\">\n\t\t\t\t\t\t\t\t\t\t\t\t\t\t\t<img loading=\"lazy\" decoding=\"async\" width=\"800\" height=\"534\" src=\"https:\/\/cindyfashion-coiffure-afro.fr\/formation-coiffure-afro\/wp-content\/uploads\/2025\/05\/devenir-coach-capillaire-chatGPT-GYT-1536x1024-1-1024x683.jpg\" class=\"attachment-large size-large wp-image-1693\" alt=\"\" srcset=\"https:\/\/cindyfashion-coiffure-afro.fr\/formation-coiffure-afro\/wp-content\/uploads\/2025\/05\/devenir-coach-capillaire-chatGPT-GYT-1536x1024-1-1024x683.jpg 1024w, https:\/\/cindyfashion-coiffure-afro.fr\/formation-coiffure-afro\/wp-content\/uploads\/2025\/05\/devenir-coach-capillaire-chatGPT-GYT-1536x1024-1-300x200.jpg 300w, https:\/\/cindyfashion-coiffure-afro.fr\/formation-coiffure-afro\/wp-content\/uploads\/2025\/05\/devenir-coach-capillaire-chatGPT-GYT-1536x1024-1-768x512.jpg 768w, https:\/\/cindyfashion-coiffure-afro.fr\/formation-coiffure-afro\/wp-content\/uploads\/2025\/05\/devenir-coach-capillaire-chatGPT-GYT-1536x1024-1.jpg 1536w\" sizes=\"(max-width: 800px) 100vw, 800px\" \/>\t\t\t\t\t\t\t\t\t\t\t\t\t\t\t<\/div>\n\t\t\t\t<\/div>\n\t\t\t\t<div class=\"elementor-element elementor-element-f9d40e5 elementor-widget elementor-widget-theme-post-title elementor-page-title elementor-widget-heading\" data-id=\"f9d40e5\" data-element_type=\"widget\" data-e-type=\"widget\" data-widget_type=\"theme-post-title.default\">\n\t\t\t\t<div class=\"elementor-widget-container\">\n\t\t\t\t\t<h1 class=\"elementor-heading-title elementor-size-default\">Devenez coach capillaire afro : 7 \u00e9tapes pour transformer votre passion en profession<\/h1>\t\t\t\t<\/div>\n\t\t\t\t<\/div>\n\t\t\t\t<div class=\"elementor-element elementor-element-8cfa202 elementor-align-right elementor-widget elementor-widget-button\" data-id=\"8cfa202\" data-element_type=\"widget\" data-e-type=\"widget\" data-widget_type=\"button.default\">\n\t\t\t\t<div class=\"elementor-widget-container\">\n\t\t\t\t\t\t\t\t\t<div class=\"elementor-button-wrapper\">\n\t\t\t\t\t<a class=\"elementor-button elementor-button-link elementor-size-sm\" href=\"https:\/\/cindyfashion-coiffure-afro.fr\/formation-coiffure-afro\/2025\/05\/21\/devenez-coach-capillaire-afro-7-etapes-pour-transformer-votre-passion-en-profession\/\">\n\t\t\t\t\t\t<span class=\"elementor-button-content-wrapper\">\n\t\t\t\t\t\t<span class=\"elementor-button-icon\">\n\t\t\t\t<svg aria-hidden=\"true\" class=\"e-font-icon-svg e-fas-chevron-circle-right\" viewBox=\"0 0 512 512\" xmlns=\"http:\/\/www.w3.org\/2000\/svg\"><path d=\"M256 8c137 0 248 111 248 248S393 504 256 504 8 393 8 256 119 8 256 8zm113.9 231L234.4 103.5c-9.4-9.4-24.6-9.4-33.9 0l-17 17c-9.4 9.4-9.4 24.6 0 33.9L285.1 256 183.5 357.6c-9.4 9.4-9.4 24.6 0 33.9l17 17c9.4 9.4 24.6 9.4 33.9 0L369.9 273c9.4-9.4 9.4-24.6 0-34z\"><\/path><\/svg>\t\t\t<\/span>\n\t\t\t\t\t\t\t\t\t<span class=\"elementor-button-text\">Lire l'article<\/span>\n\t\t\t\t\t<\/span>\n\t\t\t\t\t<\/a>\n\t\t\t\t<\/div>\n\t\t\t\t\t\t\t\t<\/div>\n\t\t\t\t<\/div>\n\t\t\t\t\t<\/div>\n\t\t\t\t<\/div>\n\t\t\t\t<\/div>\n\t\t\t\t<\/div>\n\t\t\n\t\t\t\t\t\t<\/div>\n\t\t\t\t<\/div>\n\t\t\t\t\t<\/div>\n\t\t\t\t<\/div>\n\t\t\t\t<\/div>\n\t\t","protected":false},"excerpt":{"rendered":"<p>Blog Afro Pro, M\u00e9tier et Fiert\u00e9<\/p>\n","protected":false},"author":1,"featured_media":0,"parent":0,"menu_order":0,"comment_status":"closed","ping_status":"closed","template":"","meta":{"_acf_changed":false,"inline_featured_image":false,"iawp_total_views":12,"footnotes":""},"class_list":["post-1705","page","type-page","status-publish","hentry"],"acf":[],"_links":{"self":[{"href":"https:\/\/cindyfashion-coiffure-afro.fr\/formation-coiffure-afro\/wp-json\/wp\/v2\/pages\/1705","targetHints":{"allow":["GET"]}}],"collection":[{"href":"https:\/\/cindyfashion-coiffure-afro.fr\/formation-coiffure-afro\/wp-json\/wp\/v2\/pages"}],"about":[{"href":"https:\/\/cindyfashion-coiffure-afro.fr\/formation-coiffure-afro\/wp-json\/wp\/v2\/types\/page"}],"author":[{"embeddable":true,"href":"https:\/\/cindyfashion-coiffure-afro.fr\/formation-coiffure-afro\/wp-json\/wp\/v2\/users\/1"}],"replies":[{"embeddable":true,"href":"https:\/\/cindyfashion-coiffure-afro.fr\/formation-coiffure-afro\/wp-json\/wp\/v2\/comments?post=1705"}],"version-history":[{"count":0,"href":"https:\/\/cindyfashion-coiffure-afro.fr\/formation-coiffure-afro\/wp-json\/wp\/v2\/pages\/1705\/revisions"}],"wp:attachment":[{"href":"https:\/\/cindyfashion-coiffure-afro.fr\/formation-coiffure-afro\/wp-json\/wp\/v2\/media?parent=1705"}],"curies":[{"name":"wp","href":"https:\/\/api.w.org\/{rel}","templated":true}]}}